{"id":3468,"date":"2020-01-28T09:06:25","date_gmt":"2020-01-28T08:06:25","guid":{"rendered":"https:\/\/www.ilpoderedegliulivi.it\/?page_id=3468"},"modified":"2025-06-26T21:12:33","modified_gmt":"2025-06-26T19:12:33","slug":"kontakte","status":"publish","type":"page","link":"https:\/\/www.ilpoderedegliulivi.it\/de\/kontakte\/","title":{"rendered":"Kontakte"},"content":{"rendered":"<section class=\"wpb-content-wrapper\"><p>[vc_row][vc_column width=&#8220;1\/2&#8243; css=&#8220;.vc_custom_1467214267244{padding-top: 10px !important;padding-bottom: 10px !important;}&#8220;] <h2 style=\"color:;padding:px;text-align:;font-size:25px;line-height:25px;letter-spacing: px;font-weight:normal\" class=\"   nd_options_first_font \">Kontaktieren Sie uns f\u00fcr weitere Informationen!<\/h2> <div style=\"background-color:;height: 20px\" class=\"nicdark_section  \"><\/div>[vc_column_text]Ihr Erholungs- und Wellnessurlaub erwartet Sie in den wundersch\u00f6nen H\u00fcgeln von Padenghe, nur 2 km vom Gardasee entfernt.<br \/>\nWir stehen Ihnen gerne zur Verf\u00fcgung, um Sie bestm\u00f6glich zu beraten und die L\u00f6sung zu finden, die Ihren Anforderungen am besten entspricht. <a class=\"prenota\" href=\"https:\/\/www.ilpoderedegliulivi.it\/de\/buchung\/\">Reservieren Sie jetzt!<\/a>[\/vc_column_text]<div style=\"background-color:;height: 20px\" class=\"nicdark_section  \"><\/div>\n\t\n\t<a style=\"border: px solid;border-radius:px;letter-spacing:px;line-height:px;font-size:px;background-color:#536a2f;padding:10px 20px;margin:;color:#ffffff\" rel=\"\" href=\"mailto:info@ilpoderedegliulivi.it\" class=\"nicdark_display_inline_block nd_options_float_left nd_options_font_weight_bold   \">Schreiben Sie uns!<\/a>\n\t\n[\/vc_column][vc_column width=&#8220;1\/2&#8243; css=&#8220;.vc_custom_1467214272039{padding-top: 10px !important;padding-bottom: 10px !important;}&#8220;][vc_row_inner][vc_column_inner][vc_gmaps link=&#8220;#E-8_JTNDaWZyYW1lJTIwc3JjJTNEJTIyaHR0cHMlM0ElMkYlMkZ3d3cuZ29vZ2xlLmNvbSUyRm1hcHMlMkZlbWJlZCUzRnBiJTNEJTIxMW0xOCUyMTFtMTIlMjExbTMlMjExZDI3OTYuNTAwNDE1OTU2MjAyJTIxMmQxMC40ODkwOTA0ODcyNDU4MSUyMTNkNDUuNTAwMDA0MTgwNzEwOSUyMTJtMyUyMTFmMCUyMTJmMCUyMTNmMCUyMTNtMiUyMTFpMTAyNCUyMTJpNzY4JTIxNGYxMy4xJTIxM20zJTIxMW0yJTIxMXMweDQ3ODE5MTM0ZTljMjg5NGQlMjUzQTB4MTM4NzA4MTM0ZDU4NGMwMyUyMTJzSWwlMjUyMFBvZGVyZSUyNTIwRGVnbGklMjUyMFVsaXZpJTIxNWUwJTIxM20yJTIxMXNpdCUyMTJzaXQlMjE0djE1NzU5Njc5NjYxNzclMjE1bTIlMjExc2l0JTIxMnNpdCUyMiUyMHdpZHRoJTNEJTIyNjAwJTIyJTIwaGVpZ2h0JTNEJTIyNDUwJTIyJTIwZnJhbWVib3JkZXIlM0QlMjIwJTIyJTIwc3R5bGUlM0QlMjJib3JkZXIlM0EwJTNCJTIyJTIwYWxsb3dmdWxsc2NyZWVuJTNEJTIyJTIyJTNFJTNDJTJGaWZyYW1lJTNF&#8220;][\/vc_column_inner][\/vc_row_inner][vc_raw_html el_id=&#8220;btn-prenota-contatti&#8220; css=&#8220;.vc_custom_1580198959914{margin-top: -20px !important;}&#8220;]JTNDYSUyMGNsYXNzJTNEJTIyYnRuLXByZW5vdGEtdmVyZGUlMjIlMjBocmVmJTNEJTIyaHR0cHMlM0ElMkYlMkZ3d3cuaWxwb2RlcmVkZWdsaXVsaXZpLml0JTJGZGUlMkZidWNodW5nJTJGJTIyJTNFJTNDZGl2JTIwc3R5bGUlM0QlMjJiYWNrZ3JvdW5kLWNvbG9yJTNBJTIwJTIzNTM2YTJmJTNCJTIwcGFkZGluZyUzQSUyMDE1cHglM0IlMjBtYXJnaW4tdG9wJTNBMzBweCUzQiUyMiUzRSUwQSUzQ3AlMjBzdHlsZSUzRCUyMmNvbG9yJTNBJTIwd2hpdGUlM0IlMjBmb250LXdlaWdodCUzQSUyMDUwMCUzQiUyMGZvbnQtc2l6ZSUzQSUyMDI1cHglM0IlMjBsaW5lLWhlaWdodCUzQSUyMDBweCUzQiUyMGRpc3BsYXklM0ElMjBpbmxpbmUtYmxvY2slM0IlMjBtYXJnaW4tYm90dG9tJTNBJTIwMjBweCUzQiUyMiUzRVJlc2VydmllcmVuJTIwU2llJTIwamV0enQlMjElM0MlMkZwJTNFJTBBJTNDcCUyMHN0eWxlJTNEJTIyZGlzcGxheSUzQSUyMGluaXRpYWwlM0IlMjB2ZXJ0aWNhbC1hbGlnbiUzQSUyMG1pZGRsZSUzQiUyMiUzRSUzQ2ltZyUyMHN0eWxlJTNEJTIyZGlzcGxheSUzQSUyMGlubGluZS1ibG9jayUzQiUyMG1heC13aWR0aCUzQSUyMDIwcHglM0IlMjB0cmFuc2Zvcm0lM0ElMjByb3RhdGUlMjgtOTBkZWclMjklM0IlMjIlMjBzcmMlM0QlMjJodHRwcyUzQSUyRiUyRnd3dy5pbHBvZGVyZWRlZ2xpdWxpdmkuaXQlMkZ3cC1jb250ZW50JTJGdXBsb2FkcyUyRjIwMjAlMkYwMSUyRmljb24tYXJyb3ctZG93bi0xLnBuZyUyMiUyMCUyRiUzRSUzQyUyRnAlM0UlMEElM0NwJTIwc3R5bGUlM0QlMjJjb2xvciUzQSUyMHdoaXRlJTNCJTIyJTNFR2VoZW4lMjBTaWUlMjBhdWYlMjBkaWUlMjBTZWl0ZSUyQyUyMHVtJTIwamV0enQlMjB6dSUyMGJ1Y2hlbiUzQyUyRnAlM0UlMEElMEElM0MlMkZkaXYlM0UlM0MlMkZhJTNF[\/vc_raw_html][vc_row_inner][vc_column_inner]\n\n\n  <div class=\"nd_options_section  nd_options_display_table \">\n    <div class=\"nd_options_display_table_cell nd_options_vertical_align_middle nd_options_width_50_percentage nd_options_text_align_left nd_options_padding_10 nd_options_box_sizing_border_box\">\n      <p class=\" nd_options_second_font nd_options_margin_0 nd_options_padding_0\" style=\"color:#727475\">Adresse :<\/p>\n    <\/div>\n    <div class=\"nd_options_display_table_cell nd_options_vertical_align_middle nd_options_width_50_percentage nd_options_text_align_right nd_options_padding_10 nd_options_box_sizing_border_box\">\n      <p class=\" nd_options_second_font nd_options_margin_0 nd_options_padding_0\" style=\"color:#a3a3a3\">Via Calvino, 4 - 25080 Padenghe sul Garda (BS)<\/p>\n    <\/div>\n  <\/div>\n\n\n   <div style=\"background-color:#cfdbd5;height: 1px\" class=\"nicdark_section  \"><\/div>\n\n\n  <div class=\"nd_options_section  nd_options_display_table \">\n    <div class=\"nd_options_display_table_cell nd_options_vertical_align_middle nd_options_width_50_percentage nd_options_text_align_left nd_options_padding_10 nd_options_box_sizing_border_box\">\n      <p class=\" nd_options_second_font nd_options_margin_0 nd_options_padding_0\" style=\"color:#727475\">Email :<\/p>\n    <\/div>\n    <div class=\"nd_options_display_table_cell nd_options_vertical_align_middle nd_options_width_50_percentage nd_options_text_align_right nd_options_padding_10 nd_options_box_sizing_border_box\">\n      <p class=\" nd_options_second_font nd_options_margin_0 nd_options_padding_0\" style=\"color:#a3a3a3\">info@ilpoderedegliulivi.it<\/p>\n    <\/div>\n  <\/div>\n\n\n   <div style=\"background-color:#cfdbd5;height: 1px\" class=\"nicdark_section  \"><\/div>\n\n\n  <div class=\"nd_options_section  nd_options_display_table \">\n    <div class=\"nd_options_display_table_cell nd_options_vertical_align_middle nd_options_width_50_percentage nd_options_text_align_left nd_options_padding_10 nd_options_box_sizing_border_box\">\n      <p class=\" nd_options_second_font nd_options_margin_0 nd_options_padding_0\" style=\"color:#727475\">Check-In :<\/p>\n    <\/div>\n    <div class=\"nd_options_display_table_cell nd_options_vertical_align_middle nd_options_width_50_percentage nd_options_text_align_right nd_options_padding_10 nd_options_box_sizing_border_box\">\n      <p class=\" nd_options_second_font nd_options_margin_0 nd_options_padding_0\" style=\"color:#a3a3a3\">15:00 - 18:00<\/p>\n    <\/div>\n  <\/div>\n\n\n   <div style=\"background-color:#cfdbd5;height: 1px\" class=\"nicdark_section  \"><\/div>\n\n\n  <div class=\"nd_options_section  nd_options_display_table \">\n    <div class=\"nd_options_display_table_cell nd_options_vertical_align_middle nd_options_width_50_percentage nd_options_text_align_left nd_options_padding_10 nd_options_box_sizing_border_box\">\n      <p class=\" nd_options_second_font nd_options_margin_0 nd_options_padding_0\" style=\"color:#727475\">Check-Out :<\/p>\n    <\/div>\n    <div class=\"nd_options_display_table_cell nd_options_vertical_align_middle nd_options_width_50_percentage nd_options_text_align_right nd_options_padding_10 nd_options_box_sizing_border_box\">\n      <p class=\" nd_options_second_font nd_options_margin_0 nd_options_padding_0\" style=\"color:#a3a3a3\">10:00<\/p>\n    <\/div>\n  <\/div>\n\n\n   [\/vc_column_inner][\/vc_row_inner]<div style=\"background-color:;height: 35px\" class=\"nicdark_section  \"><\/div> <h2 style=\"color:;padding:px;text-align:;font-size:25px;line-height:25px;letter-spacing: px;font-weight:normal\" class=\"   nd_options_first_font \">Zu Ihrer Information<\/h2> <div style=\"background-color:;height: 20px\" class=\"nicdark_section  \"><\/div>[vc_column_text]<a class=\"tel\" style=\"font-size: 30px; line-height: 25px;\" href=\"tel:030 9900451\"> 030 9900451<\/a>[\/vc_column_text][\/vc_column][\/vc_row]<\/p>\n<\/section>","protected":false},"excerpt":{"rendered":"<p>[vc_row][vc_column width=&#8220;1\/2&#8243; css=&#8220;.vc_custom_1467214267244{padding-top: 10px !important;padding-bottom: 10px !important;}&#8220;][vc_column_text]Ihr Erholungs- und Wellnessurlaub erwartet Sie in den wundersch\u00f6nen H\u00fcgeln von Padenghe, nur 2 km vom Gardasee entfernt. Wir stehen Ihnen gerne zur Verf\u00fcgung, um Sie bestm\u00f6glich zu beraten und die L\u00f6sung zu finden, die Ihren Anforderungen am besten entspricht. Reservieren Sie jetzt![\/vc_column_text][\/vc_column][vc_column width=&#8220;1\/2&#8243; css=&#8220;.vc_custom_1467214272039{padding-top: 10px !important;padding-bottom: 10px !important;}&#8220;][vc_row_inner][vc_column_inner][vc_gmaps [&hellip;]<\/p>\n","protected":false},"author":1,"featured_media":0,"parent":0,"menu_order":0,"comment_status":"closed","ping_status":"closed","template":"","meta":{"_monsterinsights_skip_tracking":false,"_monsterinsights_sitenote_active":false,"_monsterinsights_sitenote_note":"","_monsterinsights_sitenote_category":0,"footnotes":""},"class_list":["post-3468","page","type-page","status-publish","hentry"],"_links":{"self":[{"href":"https:\/\/www.ilpoderedegliulivi.it\/de\/wp-json\/wp\/v2\/pages\/3468","targetHints":{"allow":["GET"]}}],"collection":[{"href":"https:\/\/www.ilpoderedegliulivi.it\/de\/wp-json\/wp\/v2\/pages"}],"about":[{"href":"https:\/\/www.ilpoderedegliulivi.it\/de\/wp-json\/wp\/v2\/types\/page"}],"author":[{"embeddable":true,"href":"https:\/\/www.ilpoderedegliulivi.it\/de\/wp-json\/wp\/v2\/users\/1"}],"replies":[{"embeddable":true,"href":"https:\/\/www.ilpoderedegliulivi.it\/de\/wp-json\/wp\/v2\/comments?post=3468"}],"version-history":[{"count":5,"href":"https:\/\/www.ilpoderedegliulivi.it\/de\/wp-json\/wp\/v2\/pages\/3468\/revisions"}],"predecessor-version":[{"id":3849,"href":"https:\/\/www.ilpoderedegliulivi.it\/de\/wp-json\/wp\/v2\/pages\/3468\/revisions\/3849"}],"wp:attachment":[{"href":"https:\/\/www.ilpoderedegliulivi.it\/de\/wp-json\/wp\/v2\/media?parent=3468"}],"curies":[{"name":"wp","href":"https:\/\/api.w.org\/{rel}","templated":true}]}}