{"id":3454,"date":"2020-01-27T17:31:51","date_gmt":"2020-01-27T16:31:51","guid":{"rendered":"https:\/\/www.ilpoderedegliulivi.it\/?page_id=3454"},"modified":"2022-02-16T15:28:13","modified_gmt":"2022-02-16T14:28:13","slug":"buchung","status":"publish","type":"page","link":"https:\/\/www.ilpoderedegliulivi.it\/de\/buchung\/","title":{"rendered":"Buchung"},"content":{"rendered":"<section class=\"wpb-content-wrapper\"><p>[vc_row css=&#8220;.vc_custom_1575974853607{padding-bottom: 50px !important;}&#8220;][vc_column width=&#8220;6\/12&#8243; css=&#8220;.vc_custom_1467360650255{margin-top: 10px !important;margin-bottom: 10px !important;padding-top: 0px !important;padding-right: 40px !important;}&#8220;]<div style=\"background-color:;height: 10px\" class=\"nicdark_section  \"><\/div> <h1 style=\"color:#536a2f;padding:px;text-align:right;font-size:40px;line-height:50px;letter-spacing: px;font-weight:normal\" class=\"  nd_options_text_align_center_responsive_important nd_options_first_font \">Buchen Sie jetzt und tr\u00e4umen Sie von Ihrem Urlaub!<\/h1> [\/vc_column][vc_column width=&#8220;3\/12&#8243; css=&#8220;.vc_custom_1467207292391{margin-top: 10px !important;margin-bottom: 10px !important;padding-top: 0px !important;}&#8220;]<div style=\"background-color:;height: 20px\" class=\"nicdark_section  \"><\/div>[vc_column_text el_class=&#8220;nd_options_text_align_center_responsive&#8220;]<em>Il Podere degli Ulivi<\/em> ist der ideale Ort, um sich zu regenerieren, zu entspannen und die Ruhe und den Frieden wiederzuerlangen.[\/vc_column_text][\/vc_column][vc_column width=&#8220;3\/12&#8243;]<div style=\"background-color:;height: 20px\" class=\"nicdark_section  \"><\/div>[vc_column_text el_class=&#8220;nd_options_text_align_center_responsive&#8220;]Der Tagesrhythmus ist von der \u00fcppigen Natur gepr\u00e4gt&#8230; f\u00fcr einen erlebnisreichen und aufregenden Urlaub.[\/vc_column_text][\/vc_column][\/vc_row][vc_row css=&#8220;.vc_custom_1492510780167{margin-top: 30px !important;}&#8220;][vc_column width=&#8220;1\/4&#8243; offset=&#8220;vc_hidden-sm vc_hidden-xs&#8220;][vc_single_image image=&#8220;2561&#8243; img_size=&#8220;full&#8220; css=&#8220;.vc_custom_1575976730309{margin-bottom: 0px !important;padding-bottom: 0px !important;}&#8220;]<div style=\"background-color:;height: 15px\" class=\"nicdark_section  \"><\/div>[vc_row_inner css=&#8220;.vc_custom_1561734425110{margin-right: 15px !important;margin-left: 10px !important;border-left-width: 1px !important;border-left-color: #cfdbd5 !important;border-left-style: solid !important;}&#8220;][vc_column_inner] <h6 style=\"color:#536a2f;padding:px;text-align:;font-size:12px;line-height:12px;letter-spacing: 3px;font-weight:normal\" class=\"  nd_options_text_align_center_responsive_important nd_options_first_font \">IL PODERE DEGLI ULIVI<\/h6> <div style=\"background-color:;height: 5px\" class=\"nicdark_section  \"><\/div> <h5 style=\"color:#536a2f;padding:px;text-align:;font-size:25px;line-height:30px;letter-spacing: px;font-weight:lighter\" class=\"  nd_options_text_align_center_responsive_important nd_options_first_font \">Urlaub<\/h5> <div style=\"background-color:;height: 5px\" class=\"nicdark_section  \"><\/div>[vc_column_text el_class=&#8220;nd_options_text_align_center_responsive&#8220;]<\/p>\n<p class=\"p1\">\u00dcbernachten Sie in einer einzigartigen Lage im Gr\u00fcnen, die den l\u00e4ndlichen Charme der Architektur des 20. Jahrhunderts bewahrt hat, aber mit dem modernsten Komfort! Buchen Sie jetzt Ihren wundersch\u00f6nen Urlaub.<\/p>\n<p>[\/vc_column_text][\/vc_column_inner][\/vc_row_inner][\/vc_column][vc_column width=&#8220;1\/4&#8243; offset=&#8220;vc_hidden-sm vc_hidden-xs&#8220;][vc_single_image image=&#8220;2559&#8243; img_size=&#8220;full&#8220; css=&#8220;.vc_custom_1575976737117{margin-bottom: 0px !important;padding-bottom: 0px !important;}&#8220;]<div style=\"background-color:;height: 15px\" class=\"nicdark_section  \"><\/div>[vc_row_inner css=&#8220;.vc_custom_1561732587938{margin-right: 15px !important;margin-left: 10px !important;border-left-width: 1px !important;border-left-color: #cfdbd5 !important;border-left-style: solid !important;}&#8220;][vc_column_inner] <h6 style=\"color:#536a2f;padding:px;text-align:;font-size:12px;line-height:12px;letter-spacing: 3px;font-weight:normal\" class=\"  nd_options_text_align_center_responsive_important nd_options_first_font \">IL PODERE DEGLI ULIVI<\/h6> <div style=\"background-color:;height: 5px\" class=\"nicdark_section  \"><\/div> <h5 style=\"color:#536a2f;padding:px;text-align:;font-size:25px;line-height:30px;letter-spacing: px;font-weight:lighter\" class=\"  nd_options_text_align_center_responsive_important nd_options_first_font \">Veranstaltungen<\/h5> <div style=\"background-color:;height: 5px\" class=\"nicdark_section  \"><\/div>[vc_column_text el_class=&#8220;nd_options_text_align_center_responsive&#8220;]Nicht nur Ferien! Der Olivenhain steht Ihnen auch f\u00fcr Feiern, Fotoshootings, Yoga im Freien oder f\u00fcr Wochenenden, die der Teambildung im Kontakt mit der Natur gewidmet sind, zur Verf\u00fcgung. Kontaktieren Sie uns und teilen Sie uns Ihre Bed\u00fcrfnisse mit: Wir werden sie erf\u00fcllen![\/vc_column_text][\/vc_column_inner][\/vc_row_inner][\/vc_column][vc_column width=&#8220;1\/4&#8243; offset=&#8220;vc_hidden-sm vc_hidden-xs&#8220;][vc_single_image image=&#8220;2453&#8243; img_size=&#8220;full&#8220; css=&#8220;.vc_custom_1575976743949{margin-bottom: 0px !important;padding-bottom: 0px !important;}&#8220;]<div style=\"background-color:;height: 15px\" class=\"nicdark_section  \"><\/div>[vc_row_inner css=&#8220;.vc_custom_1561732610914{margin-right: 15px !important;margin-left: 10px !important;border-left-width: 1px !important;border-left-color: #cfdbd5 !important;border-left-style: solid !important;}&#8220;][vc_column_inner] <h6 style=\"color:#536a2f;padding:px;text-align:;font-size:12px;line-height:12px;letter-spacing: 3px;font-weight:normal\" class=\"  nd_options_text_align_center_responsive_important nd_options_first_font \">IL PODERE DEGLI ULIVI<\/h6> <div style=\"background-color:;height: 5px\" class=\"nicdark_section  \"><\/div> <h5 style=\"color:#536a2f;padding:px;text-align:;font-size:25px;line-height:30px;letter-spacing: px;font-weight:lighter\" class=\"  nd_options_text_align_center_responsive_important nd_options_first_font \">Verkostung und F\u00fchrungen<\/h5> <div style=\"background-color:;height: 5px\" class=\"nicdark_section  \"><\/div>[vc_column_text el_class=&#8220;nd_options_text_align_center_responsive&#8220;]Die Natur ist gro\u00dfz\u00fcgig bei <em>Il Podere degli Ulivi<\/em>. Das biologische extra native Oliven\u00f6l, der K\u00e4se und die Marmelade kommen aus einem wertvollen Gebiet und werden mit Liebe und Engagement, nach der Tradition, angebaut. Kommen Sie zu uns, probieren Sie unsere Spezialit\u00e4ten und besuchen Sie den Bauernhof <em>Calvino Gusto Supremo<\/em>![\/vc_column_text][\/vc_column_inner][\/vc_row_inner][\/vc_column][vc_column width=&#8220;1\/4&#8243; offset=&#8220;vc_hidden-sm vc_hidden-xs&#8220;][vc_single_image image=&#8220;2560&#8243; img_size=&#8220;full&#8220; css=&#8220;.vc_custom_1575976754824{margin-bottom: 0px !important;padding-bottom: 0px !important;}&#8220;]<div style=\"background-color:;height: 15px\" class=\"nicdark_section  \"><\/div>[vc_row_inner css=&#8220;.vc_custom_1561732610914{margin-right: 15px !important;margin-left: 10px !important;border-left-width: 1px !important;border-left-color: #cfdbd5 !important;border-left-style: solid !important;}&#8220;][vc_column_inner] <h6 style=\"color:#536a2f;padding:px;text-align:;font-size:12px;line-height:12px;letter-spacing: 3px;font-weight:normal\" class=\"  nd_options_text_align_center_responsive_important nd_options_first_font \">IL PODERE DEGLI ULIVI<\/h6> <div style=\"background-color:;height: 5px\" class=\"nicdark_section  \"><\/div> <h5 style=\"color:#536a2f;padding:px;text-align:;font-size:25px;line-height:30px;letter-spacing: px;font-weight:lighter\" class=\"  nd_options_text_align_center_responsive_important nd_options_first_font \">Gourmet-K\u00f6rbe und ``Bomboniere``<\/h5> <div style=\"background-color:;height: 5px\" class=\"nicdark_section  \"><\/div>[vc_column_text el_class=&#8220;nd_options_text_align_center_responsive&#8220;]<\/p>\n<p class=\"p1\">Nichts ist angenehmer als echte, biologische Regionalprodukte. In unserem Gesch\u00e4ft verpacken und personalisieren wir sorgf\u00e4ltig Feinkostspezialit\u00e4ten, Weihnachtsk\u00f6rbe und h\u00fcbsche Geschenke.<\/p>\n<p>[\/vc_column_text][\/vc_column_inner][\/vc_row_inner][\/vc_column][\/vc_row][vc_row css=&#8220;.vc_custom_1492510780167{margin-top: 30px !important;}&#8220;][vc_column width=&#8220;1\/2&#8243; offset=&#8220;vc_hidden-lg vc_hidden-md&#8220;][vc_single_image image=&#8220;2561&#8243; img_size=&#8220;full&#8220; css=&#8220;.vc_custom_1575976730309{margin-bottom: 0px !important;padding-bottom: 0px !important;}&#8220;]<div style=\"background-color:;height: 15px\" class=\"nicdark_section  \"><\/div>[vc_row_inner css=&#8220;.vc_custom_1561734425110{margin-right: 15px !important;margin-left: 10px !important;border-left-width: 1px !important;border-left-color: #cfdbd5 !important;border-left-style: solid !important;}&#8220;][vc_column_inner] <h6 style=\"color:#536a2f;padding:px;text-align:;font-size:12px;line-height:12px;letter-spacing: 3px;font-weight:normal\" class=\"  nd_options_text_align_center_responsive_important nd_options_first_font \">IL PODERE DEGLI ULIVI<\/h6> <div style=\"background-color:;height: 5px\" class=\"nicdark_section  \"><\/div> <h5 style=\"color:#536a2f;padding:px;text-align:;font-size:25px;line-height:30px;letter-spacing: px;font-weight:lighter\" class=\"  nd_options_text_align_center_responsive_important nd_options_first_font \">Urlaub<\/h5> <div style=\"background-color:;height: 5px\" class=\"nicdark_section  \"><\/div>[vc_column_text el_class=&#8220;nd_options_text_align_center_responsive&#8220;]<\/p>\n<p class=\"p1\">\u00dcbernachten Sie in einer einzigartigen Lage im Gr\u00fcnen, die den l\u00e4ndlichen Charme der Architektur des 20. Jahrhunderts bewahrt hat, aber mit dem modernsten Komfort! Buchen Sie jetzt Ihren wundersch\u00f6nen Urlaub<\/p>\n<p>[\/vc_column_text][\/vc_column_inner][\/vc_row_inner][\/vc_column][vc_column width=&#8220;1\/2&#8243; offset=&#8220;vc_hidden-lg vc_hidden-md&#8220;][vc_single_image image=&#8220;2559&#8243; img_size=&#8220;full&#8220; css=&#8220;.vc_custom_1575976737117{margin-bottom: 0px !important;padding-bottom: 0px !important;}&#8220;]<div style=\"background-color:;height: 15px\" class=\"nicdark_section  \"><\/div>[vc_row_inner css=&#8220;.vc_custom_1561732587938{margin-right: 15px !important;margin-left: 10px !important;border-left-width: 1px !important;border-left-color: #cfdbd5 !important;border-left-style: solid !important;}&#8220;][vc_column_inner] <h6 style=\"color:#536a2f;padding:px;text-align:;font-size:12px;line-height:12px;letter-spacing: 3px;font-weight:normal\" class=\"  nd_options_text_align_center_responsive_important nd_options_first_font \">IL PODERE DEGLI ULIVI<\/h6> <div style=\"background-color:;height: 5px\" class=\"nicdark_section  \"><\/div> <h5 style=\"color:#536a2f;padding:px;text-align:;font-size:25px;line-height:30px;letter-spacing: px;font-weight:lighter\" class=\"  nd_options_text_align_center_responsive_important nd_options_first_font \">Veranstaltungen<\/h5> <div style=\"background-color:;height: 5px\" class=\"nicdark_section  \"><\/div>[vc_column_text el_class=&#8220;nd_options_text_align_center_responsive&#8220;]Nicht nur Ferien! Der Olivenhain steht Ihnen auch f\u00fcr Feiern, Fotoshootings, Yoga im Freien oder f\u00fcr Wochenenden, die der Teambildung im Kontakt mit der Natur gewidmet sind, zur Verf\u00fcgung. Kontaktieren Sie uns und teilen Sie uns Ihre Bed\u00fcrfnisse mit: Wir werden sie erf\u00fcllen![\/vc_column_text][\/vc_column_inner][\/vc_row_inner][\/vc_column][\/vc_row][vc_row css=&#8220;.vc_custom_1492510780167{margin-top: 30px !important;}&#8220;][vc_column width=&#8220;1\/2&#8243; offset=&#8220;vc_hidden-lg vc_hidden-md&#8220;][vc_single_image image=&#8220;2453&#8243; img_size=&#8220;full&#8220; css=&#8220;.vc_custom_1575976743949{margin-bottom: 0px !important;padding-bottom: 0px !important;}&#8220;]<div style=\"background-color:;height: 15px\" class=\"nicdark_section  \"><\/div>[vc_row_inner css=&#8220;.vc_custom_1561732610914{margin-right: 15px !important;margin-left: 10px !important;border-left-width: 1px !important;border-left-color: #cfdbd5 !important;border-left-style: solid !important;}&#8220;][vc_column_inner] <h6 style=\"color:#536a2f;padding:px;text-align:;font-size:12px;line-height:12px;letter-spacing: 3px;font-weight:normal\" class=\"  nd_options_text_align_center_responsive_important nd_options_first_font \">IL PODERE DEGLI ULIVI<\/h6> <div style=\"background-color:;height: 5px\" class=\"nicdark_section  \"><\/div> <h5 style=\"color:#536a2f;padding:px;text-align:;font-size:25px;line-height:30px;letter-spacing: px;font-weight:lighter\" class=\"  nd_options_text_align_center_responsive_important nd_options_first_font \">Verkostung und F\u00fchrungen<\/h5> <div style=\"background-color:;height: 5px\" class=\"nicdark_section  \"><\/div>[vc_column_text el_class=&#8220;nd_options_text_align_center_responsive&#8220;]Die Natur ist gro\u00dfz\u00fcgig bei <em>Il Podere degli Ulivi<\/em>. Das biologische extra native Oliven\u00f6l, der K\u00e4se und die Marmelade kommen aus einem wertvollen Gebiet und werden mit Liebe und Engagement, nach der Tradition, angebaut. Kommen Sie zu uns, probieren Sie unsere Spezialit\u00e4ten und besuchen Sie den Bauernhof <em>Calvino Gusto Supremo<\/em>![\/vc_column_text][\/vc_column_inner][\/vc_row_inner][\/vc_column][vc_column width=&#8220;1\/2&#8243; offset=&#8220;vc_hidden-lg vc_hidden-md&#8220;][vc_single_image image=&#8220;2560&#8243; img_size=&#8220;full&#8220; css=&#8220;.vc_custom_1575976754824{margin-bottom: 0px !important;padding-bottom: 0px !important;}&#8220;]<div style=\"background-color:;height: 15px\" class=\"nicdark_section  \"><\/div>[vc_row_inner css=&#8220;.vc_custom_1561732610914{margin-right: 15px !important;margin-left: 10px !important;border-left-width: 1px !important;border-left-color: #cfdbd5 !important;border-left-style: solid !important;}&#8220;][vc_column_inner] <h6 style=\"color:#536a2f;padding:px;text-align:;font-size:12px;line-height:12px;letter-spacing: 3px;font-weight:normal\" class=\"  nd_options_text_align_center_responsive_important nd_options_first_font \">IL PODERE DEGLI ULIVI<\/h6> <div style=\"background-color:;height: 5px\" class=\"nicdark_section  \"><\/div> <h5 style=\"color:#536a2f;padding:px;text-align:;font-size:25px;line-height:30px;letter-spacing: px;font-weight:lighter\" class=\"  nd_options_text_align_center_responsive_important nd_options_first_font \">Gourmet-K\u00f6rbe und ``Bomboniere``<\/h5> <div style=\"background-color:;height: 5px\" class=\"nicdark_section  \"><\/div>[vc_column_text el_class=&#8220;nd_options_text_align_center_responsive&#8220;]<\/p>\n<p class=\"p1\">Nichts ist angenehmer als echte, biologische Regionalprodukte. In unserem Gesch\u00e4ft verpacken und personalisieren wir sorgf\u00e4ltig Feinkostspezialit\u00e4ten, Weihnachtsk\u00f6rbe und h\u00fcbsche Geschenke.<\/p>\n<p>[\/vc_column_text][\/vc_column_inner][\/vc_row_inner][\/vc_column][\/vc_row][vc_row full_width=&#8220;stretch_row&#8220; css=&#8220;.vc_custom_1566293481721{margin-top: 50px !important;margin-bottom: -50px !important;padding-top: 70px !important;padding-bottom: 55px !important;background-color: #f9f9f9 !important;}&#8220;][vc_column] <p style=\"color:;padding:px;text-align:center;font-size:14px;line-height:27px;letter-spacing: 2px;font-weight:lighter\" class=\"  sottotitolo-top  \">BUCHUNG<\/p> <div style=\"background-color:;height: 15px\" class=\"nicdark_section  \"><\/div> <h1 style=\"color:;padding:px;text-align:center;font-size:55px;line-height:60px;letter-spacing: px;font-weight:normal\" class=\"  nd_options_font_size_40_important_all_iphone nd_options_line_height_40_important_all_iphone nd_options_first_font \">INFORMATIONEN UND ANGEBOTE ANFORDERN<\/h1> [vc_column_text el_class=&#8220;nd_options_text_align_center_responsive&#8220;]<\/p>\n<h2 class=\"p1\" style=\"text-align: center;\"><strong><a href=\"https:\/\/www.ilpoderedegliulivi.it\/wp-content\/uploads\/2020\/02\/booking-and-cancellation-conditions.pdf\" target=\"_blank\" rel=\"noopener noreferrer\">&gt; Buchungsbedingungen &lt;<\/a><\/strong><\/h2>\n<p>[\/vc_column_text][vc_separator][vc_column_text]<\/p>\n<div dir=\"auto\" style=\"text-align: left;\"><strong>Check In e Check Out<\/strong><\/div>\n<div dir=\"auto\" style=\"text-align: left;\">\n<p>Damit wir Ihnen erm\u00f6glichen, die Apartments bei Ihrer Ankunft in perfektem Zustand zu finden, bitten wir Sie, die Check-In und Check-Out Zeiten p\u00fcnktlich einzuhalten: von 15 bis 18 Uhr f\u00fcr die Ankunft, innerhalb von 10 Uhr f\u00fcr die Abreise. Bei Anreise nach 22 Uhr ist es m\u00f6glich, nach vorheriger Absprache selbstst\u00e4ndig einzuchecken.<br \/>\nCheck-in nach 22 Uhr und Check-out nach 18 Uhr gegen Aufpreis.<\/div>\n<p>[\/vc_column_text][vc_separator][vc_row_inner content_placement=&#8220;middle&#8220; css=&#8220;.vc_custom_1566291508973{margin-top: 50px !important;}&#8220;][vc_column_inner width=&#8220;1\/6&#8243;][\/vc_column_inner][vc_column_inner width=&#8220;2\/3&#8243; css=&#8220;.vc_custom_1645021690206{background-color: #ffffff !important;}&#8220;]\n\n    <!--start form-->\n    <div id=\"nd_options_shortcode_cf7_3466\" class=\"nd_options_section booking-form\">\n      \n      <div class=\"nd_options_section nd_options_box_sizing_border_box\">\n        \n<div class=\"wpcf7 no-js\" id=\"wpcf7-f3466-o1\" lang=\"it-IT\" dir=\"ltr\">\n<div class=\"screen-reader-response\"><p role=\"status\" aria-live=\"polite\" aria-atomic=\"true\"><\/p> <ul><\/ul><\/div>\n<form action=\"\/de\/wp-json\/wp\/v2\/pages\/3454#wpcf7-f3466-o1\" method=\"post\" class=\"wpcf7-form init\" aria-label=\"Modulo di contatto\" novalidate=\"novalidate\" data-status=\"init\">\n<input type=\"hidden\" name=\"_wpcf7\" value=\"3466\" \/><input type=\"hidden\" name=\"_wpcf7_version\" value=\"6.1.5\" \/><input type=\"hidden\" name=\"_wpcf7_locale\" value=\"it_IT\" \/><input type=\"hidden\" name=\"_wpcf7_unit_tag\" value=\"wpcf7-f3466-o1\" \/><input type=\"hidden\" name=\"_wpcf7_container_post\" value=\"0\" \/><input type=\"hidden\" name=\"_wpcf7_posted_data_hash\" value=\"\" \/>\n\n<div class=\"nd_options_float_left nd_options_box_sizing_border_box nd_options_width_100_percentage_all_iphone_important nd_options_padding_0_right_important_all_iphone nd_options_padding_0_left_important_all_iphone \" style=\"padding: 0px 10px 15px 0px;width:100%\"><span class=\"wpcf7-form-control-wrap\" data-name=\"name-form\"><\/span><\/div><br \/>\n<div class=\"nd_options_float_left nd_options_box_sizing_border_box nd_options_width_100_percentage_all_iphone_important nd_options_padding_0_right_important_all_iphone nd_options_padding_0_left_important_all_iphone \" style=\"padding: 0px 10px 15px 0px;width:100%\"><span class=\"wpcf7-form-control-wrap\" data-name=\"email\"><\/span><\/div><br \/>\n<div class=\"nd_options_float_left nd_options_box_sizing_border_box nd_options_width_100_percentage_all_iphone_important nd_options_padding_0_right_important_all_iphone nd_options_padding_0_left_important_all_iphone \" style=\"padding: 0px 10px 15px 0px;width:100%\"><span class=\"wpcf7-form-control-wrap\" data-name=\"tel-138\"><\/span><\/div><br \/>\n<div class=\"nd_options_float_left nd_options_box_sizing_border_box nd_options_width_100_percentage_all_iphone_important nd_options_padding_0_right_important_all_iphone nd_options_padding_0_left_important_all_iphone \" style=\"padding: 0px 10px 15px 0px;width:100%\"><span class=\"wpcf7-form-control-wrap\" data-name=\"text-537\"><\/span><\/div><br \/>\n<div class=\"nd_options_float_left nd_options_box_sizing_border_box nd_options_width_100_percentage_all_iphone_important nd_options_padding_0_right_important_all_iphone nd_options_padding_0_left_important_all_iphone \" style=\"padding: 0px 10px 15px 0px;width:100%\"><span class=\"wpcf7-form-control-wrap\" data-name=\"menu-191\">Wof\u00fcr buchen Sie?*UrlaubVeranstaltungenVerkostung und F\u00fchrungenGourmet-K\u00f6rbe und Bomboniere<\/span><\/div><br \/>\n<div class=\"nd_options_float_left nd_options_box_sizing_border_box nd_options_width_100_percentage_all_iphone_important nd_options_padding_0_right_important_all_iphone nd_options_padding_0_left_important_all_iphone \" style=\"padding: 0px 10px 15px 0px;width:33%\">\n<\/p>\n<p>Erwachsene:\n<\/p>\n<p><span class=\"wpcf7-form-control-wrap\" data-name=\"number-adulti\"><\/span><\/div><br \/>\n<div class=\"nd_options_float_left nd_options_box_sizing_border_box nd_options_width_100_percentage_all_iphone_important nd_options_padding_0_right_important_all_iphone nd_options_padding_0_left_important_all_iphone \" style=\"padding: 0px 10px 15px 0px;width:33%\">\n<\/p>\n<p>Kinder:\n<\/p>\n<p><span class=\"wpcf7-form-control-wrap\" data-name=\"number-bambini\"><\/span><\/div><br \/>\n<div class=\"nd_options_float_left nd_options_box_sizing_border_box nd_options_width_100_percentage_all_iphone_important nd_options_padding_0_right_important_all_iphone nd_options_padding_0_left_important_all_iphone \" style=\"padding: 0px 10px 15px 0px;width:33%\">\n<\/p>\n<p>Haustiere:\n<\/p>\n<p><span class=\"wpcf7-form-control-wrap\" data-name=\"number-animali\"><\/span><\/div><br \/>\n<div class=\"nd_options_float_left nd_options_box_sizing_border_box nd_options_width_100_percentage_all_iphone_important nd_options_padding_0_right_important_all_iphone nd_options_padding_0_left_important_all_iphone \" style=\"padding: 0px 10px 15px 0px;width:100%\"><span class=\"wpcf7-form-control-wrap\" data-name=\"message\"><textarea cols=\"40\" rows=\"5\" class=\"wpcf7-form-control wpcf7-textarea nd_options_padding_10_20_important nd_options_margin_top_10\" name=\"message\"><\/textarea><\/span><\/div><br \/>\n<div class=\"nd_options_float_left nd_options_box_sizing_border_box nd_options_width_100_percentage_all_iphone_important nd_options_padding_0_right_important_all_iphone nd_options_padding_0_left_important_all_iphone \" style=\"padding: 0px 10px 15px 0px;width:100%\"><span class=\"wpcf7-form-control-wrap\" data-name=\"acceptance-366\"><span class=\"wpcf7-form-control wpcf7-acceptance\"><span class=\"wpcf7-list-item\"><\/span><\/span><\/span>\n<\/p>\n<p> Nach dem Betrachten der <strong>Datenschutzerkl\u00e4rung<\/strong> bin ich damit einverstanden, meine pers\u00f6nlichen Daten zu verwenden\n<\/p>\n<p><\/div><br \/>\n<div class=\"nd_options_float_left nd_options_box_sizing_border_box nd_options_width_100_percentage_all_iphone_important nd_options_padding_0_right_important_all_iphone nd_options_padding_0_left_important_all_iphone \" style=\"padding: 0px 10px 15px 0px;width:100%\">\n<\/p>\n<p style=\"font-size:12px\">* Hauptsaison: Man kann von Samstag bis Samstag buchen.<br \/>\n* Aufpreis von 15% auf den Tagespreis bei Check-in an Sonntagen.<br \/>\n* Sp\u00e4t Check-in und Check-out sind mit der Leitung abzustimmen und sind kostenpflichtig (Preiszuschlag).\n<\/p>\n<p><\/div><br \/>\n<div class=\"nd_options_float_left nd_options_box_sizing_border_box nd_options_width_100_percentage_all_iphone_important nd_options_padding_0_right_important_all_iphone nd_options_padding_0_left_important_all_iphone \" style=\"padding: 0px 0px 0px 0px;width:30%\"><\/div><div class=\"wpcf7-response-output\" aria-hidden=\"true\"><\/div>\n<\/form>\n<\/div>\n \n      <\/div>  \n\n    <\/div>\n    <!--end form-->\n\n   [\/vc_column_inner][vc_column_inner width=&#8220;1\/6&#8243;][\/vc_column_inner][\/vc_row_inner][\/vc_column][\/vc_row]<\/p>\n<\/section>","protected":false},"excerpt":{"rendered":"<p>[vc_row css=&#8220;.vc_custom_1575974853607{padding-bottom: 50px !important;}&#8220;][vc_column width=&#8220;6\/12&#8243; css=&#8220;.vc_custom_1467360650255{margin-top: 10px !important;margin-bottom: 10px !important;padding-top: 0px !important;padding-right: 40px !important;}&#8220;][\/vc_column][vc_column width=&#8220;3\/12&#8243; css=&#8220;.vc_custom_1467207292391{margin-top: 10px !important;margin-bottom: 10px !important;padding-top: 0px !important;}&#8220;][vc_column_text el_class=&#8220;nd_options_text_align_center_responsive&#8220;]Il Podere degli Ulivi ist der ideale Ort, um sich zu regenerieren, zu entspannen und die Ruhe und den Frieden wiederzuerlangen.[\/vc_column_text][\/vc_column][vc_column width=&#8220;3\/12&#8243;][vc_column_text el_class=&#8220;nd_options_text_align_center_responsive&#8220;]Der Tagesrhythmus ist von der \u00fcppigen Natur gepr\u00e4gt&#8230; f\u00fcr einen erlebnisreichen [&hellip;]<\/p>\n","protected":false},"author":1,"featured_media":0,"parent":0,"menu_order":0,"comment_status":"closed","ping_status":"closed","template":"","meta":{"_monsterinsights_skip_tracking":false,"_monsterinsights_sitenote_active":false,"_monsterinsights_sitenote_note":"","_monsterinsights_sitenote_category":0,"footnotes":""},"class_list":["post-3454","page","type-page","status-publish","hentry"],"_links":{"self":[{"href":"https:\/\/www.ilpoderedegliulivi.it\/de\/wp-json\/wp\/v2\/pages\/3454","targetHints":{"allow":["GET"]}}],"collection":[{"href":"https:\/\/www.ilpoderedegliulivi.it\/de\/wp-json\/wp\/v2\/pages"}],"about":[{"href":"https:\/\/www.ilpoderedegliulivi.it\/de\/wp-json\/wp\/v2\/types\/page"}],"author":[{"embeddable":true,"href":"https:\/\/www.ilpoderedegliulivi.it\/de\/wp-json\/wp\/v2\/users\/1"}],"replies":[{"embeddable":true,"href":"https:\/\/www.ilpoderedegliulivi.it\/de\/wp-json\/wp\/v2\/comments?post=3454"}],"version-history":[{"count":6,"href":"https:\/\/www.ilpoderedegliulivi.it\/de\/wp-json\/wp\/v2\/pages\/3454\/revisions"}],"predecessor-version":[{"id":3705,"href":"https:\/\/www.ilpoderedegliulivi.it\/de\/wp-json\/wp\/v2\/pages\/3454\/revisions\/3705"}],"wp:attachment":[{"href":"https:\/\/www.ilpoderedegliulivi.it\/de\/wp-json\/wp\/v2\/media?parent=3454"}],"curies":[{"name":"wp","href":"https:\/\/api.w.org\/{rel}","templated":true}]}}