{"id":3450,"date":"2020-01-27T17:23:40","date_gmt":"2020-01-27T16:23:40","guid":{"rendered":"https:\/\/www.ilpoderedegliulivi.it\/?page_id=3450"},"modified":"2020-02-04T09:03:13","modified_gmt":"2020-02-04T08:03:13","slug":"agritourismus","status":"publish","type":"page","link":"https:\/\/www.ilpoderedegliulivi.it\/de\/agritourismus\/","title":{"rendered":"Agritourismus"},"content":{"rendered":"<section class=\"wpb-content-wrapper\"><p>[vc_row][vc_column css=&#8220;.vc_custom_1575977733734{margin-top: 50px !important;margin-bottom: 10px !important;padding-top: 0px !important;padding-right: 40px !important;}&#8220;] <h1 style=\"color:#536a2f;padding:px;text-align:center;font-size:60px;line-height:80px;letter-spacing: px;font-weight:lighter\" class=\"  nd_options_font_size_40_important_all_iphone nd_options_line_height_40_important_all_iphone nd_options_first_font \">Il Podere degli Ulivi<\/h1> [\/vc_column][\/vc_row][vc_row equal_height=&#8220;yes&#8220; content_placement=&#8220;middle&#8220; css=&#8220;.vc_custom_1575977650334{margin-top: 50px !important;margin-bottom: 50px !important;}&#8220;][vc_column width=&#8220;1\/2&#8243; css=&#8220;.vc_custom_1467207292391{margin-top: 10px !important;margin-bottom: 10px !important;padding-top: 0px !important;}&#8220;][vc_single_image image=&#8220;2449&#8243; img_size=&#8220;full&#8220; css=&#8220;.vc_custom_1575891578937{margin-bottom: 0px !important;padding-bottom: 0px !important;}&#8220;][\/vc_column][vc_column width=&#8220;1\/2&#8243; css=&#8220;.vc_custom_1467360650255{margin-top: 10px !important;margin-bottom: 10px !important;padding-top: 0px !important;padding-right: 40px !important;}&#8220;][vc_column_text el_class=&#8220;nd_options_text_align_center_responsive&#8220;]Wir befinden uns in Padenghe sul Garda (Brescia), nur wenige Gehminuten vom Schloss und von Seeufern entfernt.[\/vc_column_text][vc_column_text el_class=&#8220;nd_options_text_align_center_responsive&#8220;]Die Wohnungen sind aus dem alten Bauernhof entstanden, der 2008 saniert und sp\u00e4ter 2018 vergr\u00f6\u00dfert wurde. Das Geb\u00e4ude wurde umweltfreundlich (aus Holz und mit W\u00e4rmepumpen) ausgebaut, um die Natursch\u00f6nheit des Ortes zu sch\u00fctzen.[\/vc_column_text][vc_column_text el_class=&#8220;nd_options_text_align_center_responsive&#8220;]Die Struktur ist in den Olivenhain des Bauernhofs eingebettet und unsere G\u00e4ste k\u00f6nnen maximale Ruhe und Entspannung genie\u00dfen, mit der M\u00f6glichkeit, die Hauptattraktionen des Gardasees (Desenzano del Garda, Sal\u00f2, Sirmione, die Themenparks, den Bahnhof und viele andere Orte, die wir gerne empfehlen) schnell zu erreichen.[\/vc_column_text][\/vc_column][\/vc_row][vc_row full_width=&#8220;stretch_row_content&#8220; equal_height=&#8220;yes&#8220; content_placement=&#8220;middle&#8220; css=&#8220;.vc_custom_1575887647020{margin-top: 50px !important;}&#8220;][vc_column width=&#8220;1\/2&#8243; css=&#8220;.vc_custom_1580212190001{background-image: url(https:\/\/www.ilpoderedegliulivi.it\/wp-content\/uploads\/2019\/12\/appartamenti.jpg?id=2448) !important;background-position: center !important;background-repeat: no-repeat !important;background-size: cover !important;}&#8220;][vc_empty_space height=&#8220;400&#8243;][\/vc_column][vc_column width=&#8220;1\/2&#8243; css=&#8220;.vc_custom_1580212183787{padding-top: 100px !important;padding-right: 100px !important;padding-bottom: 100px !important;padding-left: 100px !important;background-color: #cfdbd5 !important;}&#8220;] <p style=\"color:#ffffff;padding:px;text-align:;font-size:14px;line-height:27px;letter-spacing: 2px;font-weight:lighter\" class=\"  sottotitolo-top  \">WOHNUNGEN<\/p> <div style=\"background-color:;height: 15px\" class=\"nicdark_section  \"><\/div> <h1 style=\"color:#536a2f;padding:px;text-align:;font-size:80px;line-height:80px;letter-spacing: px;font-weight:lighter\" class=\"  nd_options_font_size_40_important_all_iphone nd_options_line_height_40_important_all_iphone nd_options_first_font \">Unsere Wohnungen<\/h1> <div style=\"background-color:;height: 50px\" class=\"nicdark_section  \"><\/div>[vc_row_inner equal_height=&#8220;yes&#8220; content_placement=&#8220;top&#8220;][vc_column_inner offset=&#8220;vc_hidden-md vc_hidden-sm vc_hidden-xs&#8220;][vc_column_text el_class=&#8220;nd_options_text_align_center_responsive&#8220;]<\/p>\n<p style=\"color: white;\">Wir verf\u00fcgen \u00fcber mehrere Wohnungen verschiedener Gr\u00f6\u00dfe: Zwei-, Drei- und Vierzimmerwohnungen, die alle autonom voneinander und mit eigener K\u00fcche ausgestattet sind. Die Apartments wurden mit Terrakotta-Fliesen und Holzbalken gebaut, um die Tradition, die Atmosph\u00e4re der Einfachheit und Solidit\u00e4t des alten Landhauses zu bewahren.<\/p>\n<p>[\/vc_column_text][vc_column_text el_class=&#8220;nd_options_text_align_center_responsive&#8220; css=&#8220;.vc_custom_1580142422632{margin-bottom: 10px !important;padding-bottom: 0px !important;}&#8220;]<strong style=\"color: white;\">Entdecken Sie die Wohnungen<\/strong>[\/vc_column_text][\/vc_column_inner][\/vc_row_inner]\n\t\n\t<a style=\"border: px solid;border-radius:px;letter-spacing:2px;line-height:11px;font-size:11px;background-color:#715d55;padding:15px 20px;margin:5px;color:#ffffff\" rel=\"\" href=\"https:\/\/www.ilpoderedegliulivi.it\/de\/rooms\/zweizimmerwohnungen\/\" class=\"nicdark_display_inline_block nd_options_float_left nd_options_font_weight_bold nd_options_second_font btn-de \">Zweizimmerwohnungen<\/a>\n\t\n\n\t\n\t<a style=\"border: px solid;border-radius:px;letter-spacing:2px;line-height:11px;font-size:11px;background-color:#715d55;padding:15px 20px;margin:5px;color:#ffffff\" rel=\"\" href=\"https:\/\/www.ilpoderedegliulivi.it\/de\/rooms\/dreizimmerwohnungen\/\" class=\"nicdark_display_inline_block nd_options_float_left nd_options_font_weight_bold nd_options_second_font btn-de \">Dreizimmerwohnungen<\/a>\n\t\n\n\t\n\t<a style=\"border: px solid;border-radius:px;letter-spacing:2px;line-height:11px;font-size:11px;background-color:#715d55;padding:15px 20px;margin:5px;color:#ffffff\" rel=\"\" href=\"https:\/\/www.ilpoderedegliulivi.it\/de\/rooms\/oeko-dreizimmerwohnungen\/\" class=\"nicdark_display_inline_block nd_options_float_left nd_options_font_weight_bold nd_options_second_font btn-de \">\u00d6ko Dreizimmerwohnungen<\/a>\n\t\n\n\t\n\t<a style=\"border: px solid;border-radius:px;letter-spacing:2px;line-height:11px;font-size:11px;background-color:#715d55;padding:15px 20px;margin:5px;color:#ffffff\" rel=\"\" href=\"https:\/\/www.ilpoderedegliulivi.it\/de\/rooms\/vierzimmerwohnungen\/\" class=\"nicdark_display_inline_block nd_options_float_left nd_options_font_weight_bold nd_options_second_font btn-de \">Vierzimmerwohnungen<\/a>\n\t\n[\/vc_column][\/vc_row][vc_row][vc_column]<div style=\"background-color:;height: 100px\" class=\"nicdark_section  \"><\/div> <p style=\"color:;padding:px;text-align:center;font-size:14px;line-height:17px;letter-spacing: 2px;font-weight:lighter\" class=\"  sottotitolo-top nd_options_second_font \">IL PODERE DEGLI ULIVI<\/p> <div style=\"background-color:;height: 15px\" class=\"nicdark_section  \"><\/div> <h1 style=\"color:;padding:px;text-align:center;font-size:55px;line-height:px;letter-spacing: px;font-weight:normal\" class=\"  nd_options_font_size_40_important_all_iphone nd_options_line_height_40_important_all_iphone nd_options_first_font \">Aktivit\u00e4ten<\/h1> [\/vc_column][\/vc_row][vc_row css=&#8220;.vc_custom_1492510780167{margin-top: 30px !important;}&#8220;][vc_column width=&#8220;1\/3&#8243;][vc_single_image image=&#8220;2452&#8243; img_size=&#8220;full&#8220; css=&#8220;.vc_custom_1575892251139{margin-bottom: 0px !important;padding-bottom: 0px !important;}&#8220;]<div style=\"background-color:;height: 15px\" class=\"nicdark_section  \"><\/div>[vc_row_inner css=&#8220;.vc_custom_1561732610914{margin-right: 15px !important;margin-left: 10px !important;border-left-width: 1px !important;border-left-color: #cfdbd5 !important;border-left-style: solid !important;}&#8220;][vc_column_inner] <h6 style=\"color:#536a2f;padding:px;text-align:;font-size:12px;line-height:12px;letter-spacing: 3px;font-weight:normal\" class=\"  nd_options_text_align_center_responsive_important nd_options_first_font \">IL PODERE DEGLI ULIVI<\/h6> <div style=\"background-color:;height: 5px\" class=\"nicdark_section  \"><\/div> <h5 style=\"color:#536a2f;padding:px;text-align:;font-size:25px;line-height:30px;letter-spacing: px;font-weight:lighter\" class=\"  nd_options_text_align_center_responsive_important nd_options_first_font \">Sport und Entspannung<\/h5> <div style=\"background-color:;height: 5px\" class=\"nicdark_section  \"><\/div>[vc_column_text el_class=&#8220;nd_options_text_align_center_responsive&#8220;]Die Struktur ist mit einem Tennis- und Kleinfeldfu\u00dfballplatz, einer Tischtennisplatte und einer Bocciaanlage ausgestattet; zus\u00e4tzlich steht den G\u00e4sten die \u201cSpur\u201d des Olivenhains zur Verf\u00fcgung f\u00fcr Aktivit\u00e4ten wie Laufen, Yoga, Purzelb\u00e4ume, Picknick, Federball \u2026 und f\u00fcr das Schl\u00e4fchen.[\/vc_column_text][\/vc_column_inner][\/vc_row_inner][\/vc_column][vc_column width=&#8220;1\/3&#8243;][vc_single_image image=&#8220;2451&#8243; img_size=&#8220;full&#8220; css=&#8220;.vc_custom_1575892272550{margin-bottom: 0px !important;padding-bottom: 0px !important;}&#8220;]<div style=\"background-color:;height: 15px\" class=\"nicdark_section  \"><\/div>[vc_row_inner css=&#8220;.vc_custom_1561732587938{margin-right: 15px !important;margin-left: 10px !important;border-left-width: 1px !important;border-left-color: #cfdbd5 !important;border-left-style: solid !important;}&#8220;][vc_column_inner] <h6 style=\"color:#536a2f;padding:px;text-align:;font-size:12px;line-height:12px;letter-spacing: 3px;font-weight:normal\" class=\"  nd_options_text_align_center_responsive_important nd_options_first_font \">IL PODERE DEGLI ULIVI<\/h6> <div style=\"background-color:;height: 5px\" class=\"nicdark_section  \"><\/div> <h5 style=\"color:#536a2f;padding:px;text-align:;font-size:25px;line-height:30px;letter-spacing: px;font-weight:lighter\" class=\"  nd_options_text_align_center_responsive_important nd_options_first_font \">Radwege<\/h5> <div style=\"background-color:;height: 5px\" class=\"nicdark_section  \"><\/div>[vc_column_text el_class=&#8220;nd_options_text_align_center_responsive&#8220;]Direkt vor dem Tor des <em>Il Podere degli Ulivi<\/em> k\u00f6nnen Sie auf unz\u00e4hligen Radwegen den Gardasee und sein fabelhaftes Hinterland entdecken. Die Lage des Bauernhauses ist sehr g\u00fcnstig: Es ist 2 km vom Ufer des Sees entfernt.[\/vc_column_text][\/vc_column_inner][\/vc_row_inner][\/vc_column][vc_column width=&#8220;1\/3&#8243;][vc_single_image image=&#8220;2453&#8243; img_size=&#8220;full&#8220; css=&#8220;.vc_custom_1575892278975{margin-bottom: 0px !important;padding-bottom: 0px !important;}&#8220;]<div style=\"background-color:;height: 15px\" class=\"nicdark_section  \"><\/div>[vc_row_inner css=&#8220;.vc_custom_1561732587938{margin-right: 15px !important;margin-left: 10px !important;border-left-width: 1px !important;border-left-color: #cfdbd5 !important;border-left-style: solid !important;}&#8220;][vc_column_inner] <h6 style=\"color:#536a2f;padding:px;text-align:;font-size:12px;line-height:12px;letter-spacing: 3px;font-weight:normal\" class=\"  nd_options_text_align_center_responsive_important nd_options_first_font \">IL PODERE DEGLI ULIVI<\/h6> <div style=\"background-color:;height: 5px\" class=\"nicdark_section  \"><\/div> <h5 style=\"color:#536a2f;padding:px;text-align:;font-size:25px;line-height:30px;letter-spacing: px;font-weight:lighter\" class=\"  nd_options_text_align_center_responsive_important nd_options_first_font \">F\u00fchrungen<\/h5> <div style=\"background-color:;height: 5px\" class=\"nicdark_section  \"><\/div>[vc_column_text el_class=&#8220;nd_options_text_align_center_responsive&#8220;]F\u00fcr die G\u00e4ste gibt es eine F\u00fchrung durch unseren landwirtschaftlichen Betrieb <em>Calvino Gusto Supremo<\/em>, mit Zugang zum Reifungskeller vom Grana Padano und Parmigiano Reggiano (Parmesank\u00e4se), zur \u00d6lm\u00fchle und einer Erl\u00e4uterung der Produktionsprozesse.[\/vc_column_text][\/vc_column_inner][\/vc_row_inner][\/vc_column][\/vc_row][vc_row full_width=&#8220;stretch_row&#8220; css=&#8220;.vc_custom_1575896679516{margin-top: 80px !important;margin-bottom: -50px !important;padding-top: 50px !important;padding-bottom: 70px !important;background-color: #cfdbd5 !important;}&#8220;][vc_column][vc_row_inner][vc_column_inner] <h1 style=\"color:#536a2f;padding:px;text-align:center;font-size:40px;line-height:50px;letter-spacing: px;font-weight:lighter\" class=\"  nd_options_font_size_40_important_all_iphone nd_options_line_height_40_important_all_iphone nd_options_first_font \">Kontaktieren Sie uns f\u00fcr weitere Informationen!<\/h1> <div style=\"background-color:;height: 15px\" class=\"nicdark_section  \"><\/div>\n\t<div class=\"nd_options_section nd_options_text_align_center\">\n\t<a style=\"border: px solid;border-radius:px;letter-spacing:2px;line-height:11px;font-size:11px;background-color:#715d55;padding:15px 35px;margin:;color:#ffffff\" rel=\"\" href=\"https:\/\/www.ilpoderedegliulivi.it\/de\/kontakte\/\" class=\"nicdark_display_inline_block  nd_options_font_weight_bold nd_options_second_font btn-info \">Kontakte<\/a>\n\t<\/div>\n[\/vc_column_inner][\/vc_row_inner][\/vc_column][\/vc_row]<\/p>\n<\/section>","protected":false},"excerpt":{"rendered":"<p>[vc_row][vc_column css=&#8220;.vc_custom_1575977733734{margin-top: 50px !important;margin-bottom: 10px !important;padding-top: 0px !important;padding-right: 40px !important;}&#8220;][\/vc_column][\/vc_row][vc_row equal_height=&#8220;yes&#8220; content_placement=&#8220;middle&#8220; css=&#8220;.vc_custom_1575977650334{margin-top: 50px !important;margin-bottom: 50px !important;}&#8220;][vc_column width=&#8220;1\/2&#8243; css=&#8220;.vc_custom_1467207292391{margin-top: 10px !important;margin-bottom: 10px !important;padding-top: 0px !important;}&#8220;][vc_single_image image=&#8220;2449&#8243; img_size=&#8220;full&#8220; css=&#8220;.vc_custom_1575891578937{margin-bottom: 0px !important;padding-bottom: 0px !important;}&#8220;][\/vc_column][vc_column width=&#8220;1\/2&#8243; css=&#8220;.vc_custom_1467360650255{margin-top: 10px !important;margin-bottom: 10px !important;padding-top: 0px !important;padding-right: 40px !important;}&#8220;][vc_column_text el_class=&#8220;nd_options_text_align_center_responsive&#8220;]Wir befinden uns in Padenghe sul Garda (Brescia), nur wenige Gehminuten vom Schloss [&hellip;]<\/p>\n","protected":false},"author":1,"featured_media":0,"parent":0,"menu_order":0,"comment_status":"closed","ping_status":"closed","template":"","meta":{"_monsterinsights_skip_tracking":false,"_monsterinsights_sitenote_active":false,"_monsterinsights_sitenote_note":"","_monsterinsights_sitenote_category":0,"footnotes":""},"class_list":["post-3450","page","type-page","status-publish","hentry"],"_links":{"self":[{"href":"https:\/\/www.ilpoderedegliulivi.it\/de\/wp-json\/wp\/v2\/pages\/3450","targetHints":{"allow":["GET"]}}],"collection":[{"href":"https:\/\/www.ilpoderedegliulivi.it\/de\/wp-json\/wp\/v2\/pages"}],"about":[{"href":"https:\/\/www.ilpoderedegliulivi.it\/de\/wp-json\/wp\/v2\/types\/page"}],"author":[{"embeddable":true,"href":"https:\/\/www.ilpoderedegliulivi.it\/de\/wp-json\/wp\/v2\/users\/1"}],"replies":[{"embeddable":true,"href":"https:\/\/www.ilpoderedegliulivi.it\/de\/wp-json\/wp\/v2\/comments?post=3450"}],"version-history":[{"count":16,"href":"https:\/\/www.ilpoderedegliulivi.it\/de\/wp-json\/wp\/v2\/pages\/3450\/revisions"}],"predecessor-version":[{"id":3535,"href":"https:\/\/www.ilpoderedegliulivi.it\/de\/wp-json\/wp\/v2\/pages\/3450\/revisions\/3535"}],"wp:attachment":[{"href":"https:\/\/www.ilpoderedegliulivi.it\/de\/wp-json\/wp\/v2\/media?parent=3450"}],"curies":[{"name":"wp","href":"https:\/\/api.w.org\/{rel}","templated":true}]}}